{"id":1733,"date":"2024-06-06T13:18:32","date_gmt":"2024-06-06T13:18:32","guid":{"rendered":"https:\/\/formaz.be\/formation\/equipement-de-levage\/formation-des-operateurs-ponts-roulants-portiques\/"},"modified":"2024-09-02T08:21:21","modified_gmt":"2024-09-02T08:21:21","slug":"formation-conducteur-pont-roulant","status":"publish","type":"page","link":"https:\/\/formaz.be\/fr\/formations\/appareils-de-levage\/formation-conducteur-pont-roulant\/","title":{"rendered":"Formation op\u00e9rateur pont roulant &#8211; pont-roulant &#8211; portique"},"content":{"rendered":"[vc_row type=\u00a0\u00bbin_container\u00a0\u00bb full_screen_row_position=\u00a0\u00bbmiddle\u00a0\u00bb column_margin=\u00a0\u00bbdefault\u00a0\u00bb column_direction=\u00a0\u00bbdefault\u00a0\u00bb column_direction_tablet=\u00a0\u00bbcolumn_reverse\u00a0\u00bb column_direction_phone=\u00a0\u00bbdefault\u00a0\u00bb scene_position=\u00a0\u00bbcenter\u00a0\u00bb top_padding=\u00a0\u00bb3%\u00a0\u00bb constrain_group_1=\u00a0\u00bbyes\u00a0\u00bb bottom_padding=\u00a0\u00bb3%\u00a0\u00bb text_color=\u00a0\u00bbdark\u00a0\u00bb text_align=\u00a0\u00bbleft\u00a0\u00bb row_border_radius=\u00a0\u00bbnone\u00a0\u00bb row_border_radius_applies=\u00a0\u00bbbg\u00a0\u00bb overflow=\u00a0\u00bbvisible\u00a0\u00bb overlay_strength=\u00a0\u00bb0.3&Prime; gradient_direction=\u00a0\u00bbleft_to_right\u00a0\u00bb shape_divider_position=\u00a0\u00bbbottom\u00a0\u00bb bg_image_animation=\u00a0\u00bbnone\u00a0\u00bb gradient_type=\u00a0\u00bbdefault\u00a0\u00bb shape_type=\u00a0\u00bb\u00a0\u00bb][vc_column column_padding=\u00a0\u00bbno-extra-padding\u00a0\u00bb column_padding_tablet=\u00a0\u00bbinherit\u00a0\u00bb column_padding_phone=\u00a0\u00bbinherit\u00a0\u00bb column_padding_position=\u00a0\u00bball\u00a0\u00bb column_element_direction_desktop=\u00a0\u00bbdefault\u00a0\u00bb column_element_spacing=\u00a0\u00bbdefault\u00a0\u00bb desktop_text_alignment=\u00a0\u00bbdefault\u00a0\u00bb tablet_text_alignment=\u00a0\u00bbdefault\u00a0\u00bb phone_text_alignment=\u00a0\u00bbdefault\u00a0\u00bb background_color_opacity=\u00a0\u00bb1&Prime; background_hover_color_opacity=\u00a0\u00bb1&Prime; column_backdrop_filter=\u00a0\u00bbnone\u00a0\u00bb column_shadow=\u00a0\u00bbnone\u00a0\u00bb column_border_radius=\u00a0\u00bbnone\u00a0\u00bb column_link_target=\u00a0\u00bb_self\u00a0\u00bb column_position=\u00a0\u00bbdefault\u00a0\u00bb gradient_direction=\u00a0\u00bbleft_to_right\u00a0\u00bb overlay_strength=\u00a0\u00bb0.3&Prime; width=\u00a0\u00bb5\/6&Prime; tablet_width_inherit=\u00a0\u00bbdefault\u00a0\u00bb animation_type=\u00a0\u00bbdefault\u00a0\u00bb bg_image_animation=\u00a0\u00bbnone\u00a0\u00bb border_type=\u00a0\u00bbsimple\u00a0\u00bb column_border_width=\u00a0\u00bbnone\u00a0\u00bb column_border_style=\u00a0\u00bbsolid\u00a0\u00bb column_padding_type=\u00a0\u00bbdefault\u00a0\u00bb gradient_type=\u00a0\u00bbdefault\u00a0\u00bb][vc_column_text css=\u00a0\u00bb\u00a0\u00bb text_direction=\u00a0\u00bbdefault\u00a0\u00bb]\n<h2>Formation op\u00e9rateur pont roulant &#8211; pont-roulant &#8211; portique<\/h2>\n[\/vc_column_text][vc_column_text css=\u00a0\u00bb\u00a0\u00bb text_direction=\u00a0\u00bbdefault\u00a0\u00bb]Tout employ\u00e9 utilisant l&rsquo;un de ces appareils est tenu par la loi de suivre une formation appropri\u00e9e.<\/p>\n<p>Si un examen est pass\u00e9 avec succ\u00e8s apr\u00e8s la formation, le participant re\u00e7oit un certificat valable pendant 5 ans. En cas d&rsquo;\u00e9chec \u00e0 l&rsquo;examen, le participant recevra un certificat de participation \u00e0 la formation valable pendant 5 ans.<\/p>\n<p>Cette formation peut \u00eatre organis\u00e9e dans les salles de formation de Formaz ou en entreprise. La dur\u00e9e de la formation varie en fonction des connaissances pr\u00e9alables des candidats.<\/p>\n<h3>Dur\u00e9e de la formation :<\/h3>\n<ul>\n<li>Un cours de formation \u00e0 la s\u00e9curit\u00e9 dure une journ\u00e9e, est destin\u00e9 aux conducteurs ayant une certaine exp\u00e9rience et se termine par un examen de s\u00e9curit\u00e9. Ce cours peut \u00e9galement servir de remise \u00e0 niveau apr\u00e8s 5 ans. Une partie de la formation peut \u00e9galement prendre la forme d&rsquo;un accompagnement sur le lieu de travail.<\/li>\n<li>Un cours de formation dure deux jours et se termine par un examen.<\/li>\n<\/ul>\n<h3><strong>Vous trouverez les d\u00e9tails des cours standard ici :<\/strong><\/h3>\n<p><a href=\"https:\/\/formaz.be\/fr\/formations\/appareils-de-levage\/formation-conducteur-pont-roulant\/details-formation-a-la-securite-pour-les-conducteurs-de-ponts-roulants-grue-a-portique\/\">D\u00e9tails de la formation en s\u00e9curit\u00e9 pour les conducteurs de ponts roulants et de grues \u00e0 portique<\/a><br \/><a href=\"https:\/\/formaz.be\/fr\/formations\/appareils-de-levage\/formation-conducteur-pont-roulant\/details-de-la-formation-des-operateurs-ponts-roulants-portiques\/\">D\u00e9tail de la formation \u00e0 la comp\u00e9tence pour les conducteurs de ponts roulants et de grues \u00e0 portique<\/a>[\/vc_column_text][nectar_btn size=\u00a0\u00bbmedium\u00a0\u00bb button_style=\u00a0\u00bbregular\u00a0\u00bb button_color_2=\u00a0\u00bbExtra-Color-1&Prime; solid_text_color_override=\u00a0\u00bb#18467d\u00a0\u00bb icon_family=\u00a0\u00bbdefault_arrow\u00a0\u00bb el_class=\u00a0\u00bbpopmake-481&Prime; text=\u00a0\u00bbDemande de devis\u00a0\u00bb][\/vc_column][vc_column column_padding=\u00a0\u00bbno-extra-padding\u00a0\u00bb column_padding_tablet=\u00a0\u00bbinherit\u00a0\u00bb column_padding_phone=\u00a0\u00bbinherit\u00a0\u00bb column_padding_position=\u00a0\u00bball\u00a0\u00bb column_element_direction_desktop=\u00a0\u00bbdefault\u00a0\u00bb column_element_spacing=\u00a0\u00bbdefault\u00a0\u00bb desktop_text_alignment=\u00a0\u00bbdefault\u00a0\u00bb tablet_text_alignment=\u00a0\u00bbdefault\u00a0\u00bb phone_text_alignment=\u00a0\u00bbdefault\u00a0\u00bb sticky_content=\u00a0\u00bbtrue\u00a0\u00bb sticky_content_functionality=\u00a0\u00bbjs\u00a0\u00bb background_color_opacity=\u00a0\u00bb1&Prime; background_hover_color_opacity=\u00a0\u00bb1&Prime; column_backdrop_filter=\u00a0\u00bbnone\u00a0\u00bb column_shadow=\u00a0\u00bbnone\u00a0\u00bb column_border_radius=\u00a0\u00bbnone\u00a0\u00bb column_link_target=\u00a0\u00bb_self\u00a0\u00bb column_position=\u00a0\u00bbdefault\u00a0\u00bb gradient_direction=\u00a0\u00bbleft_to_right\u00a0\u00bb overlay_strength=\u00a0\u00bb0.3&Prime; width=\u00a0\u00bb1\/6&Prime; tablet_width_inherit=\u00a0\u00bbdefault\u00a0\u00bb animation_type=\u00a0\u00bbdefault\u00a0\u00bb bg_image_animation=\u00a0\u00bbnone\u00a0\u00bb border_type=\u00a0\u00bbsimple\u00a0\u00bb column_border_width=\u00a0\u00bbnone\u00a0\u00bb column_border_style=\u00a0\u00bbsolid\u00a0\u00bb column_padding_type=\u00a0\u00bbdefault\u00a0\u00bb gradient_type=\u00a0\u00bbdefault\u00a0\u00bb][image_with_animation image_url=\u00a0\u00bb441&Prime; image_size=\u00a0\u00bbfull\u00a0\u00bb animation_type=\u00a0\u00bbentrance\u00a0\u00bb animation=\u00a0\u00bbNone\u00a0\u00bb animation_movement_type=\u00a0\u00bbtransform_y\u00a0\u00bb hover_animation=\u00a0\u00bbnone\u00a0\u00bb alignment=\u00a0\u00bb\u00a0\u00bb border_radius=\u00a0\u00bbnone\u00a0\u00bb box_shadow=\u00a0\u00bbnone\u00a0\u00bb image_loading=\u00a0\u00bbdefault\u00a0\u00bb max_width=\u00a0\u00bb100%\u00a0\u00bb max_width_mobile=\u00a0\u00bbdefault\u00a0\u00bb][\/vc_column][\/vc_row][vc_row type=\u00a0\u00bbfull_width_background\u00a0\u00bb full_screen_row_position=\u00a0\u00bbmiddle\u00a0\u00bb column_margin=\u00a0\u00bbdefault\u00a0\u00bb column_direction=\u00a0\u00bbdefault\u00a0\u00bb column_direction_tablet=\u00a0\u00bbdefault\u00a0\u00bb column_direction_phone=\u00a0\u00bbdefault\u00a0\u00bb bg_color=\u00a0\u00bb#f8f8f8&Prime; scene_position=\u00a0\u00bbcenter\u00a0\u00bb top_padding=\u00a0\u00bb3%\u00a0\u00bb constrain_group_1=\u00a0\u00bbyes\u00a0\u00bb bottom_padding=\u00a0\u00bb3%\u00a0\u00bb text_color=\u00a0\u00bbdark\u00a0\u00bb text_align=\u00a0\u00bbleft\u00a0\u00bb row_border_radius=\u00a0\u00bbnone\u00a0\u00bb row_border_radius_applies=\u00a0\u00bbbg\u00a0\u00bb overflow=\u00a0\u00bbvisible\u00a0\u00bb overlay_strength=\u00a0\u00bb0.3&Prime; gradient_direction=\u00a0\u00bbleft_to_right\u00a0\u00bb shape_divider_position=\u00a0\u00bbbottom\u00a0\u00bb bg_image_animation=\u00a0\u00bbnone\u00a0\u00bb gradient_type=\u00a0\u00bbdefault\u00a0\u00bb shape_type=\u00a0\u00bb\u00a0\u00bb][vc_column column_padding=\u00a0\u00bbno-extra-padding\u00a0\u00bb column_padding_tablet=\u00a0\u00bbinherit\u00a0\u00bb column_padding_phone=\u00a0\u00bbinherit\u00a0\u00bb column_padding_position=\u00a0\u00bball\u00a0\u00bb column_element_direction_desktop=\u00a0\u00bbdefault\u00a0\u00bb column_element_spacing=\u00a0\u00bbdefault\u00a0\u00bb desktop_text_alignment=\u00a0\u00bbdefault\u00a0\u00bb tablet_text_alignment=\u00a0\u00bbdefault\u00a0\u00bb phone_text_alignment=\u00a0\u00bbdefault\u00a0\u00bb background_color_opacity=\u00a0\u00bb1&Prime; background_hover_color_opacity=\u00a0\u00bb1&Prime; column_backdrop_filter=\u00a0\u00bbnone\u00a0\u00bb column_shadow=\u00a0\u00bbnone\u00a0\u00bb column_border_radius=\u00a0\u00bbnone\u00a0\u00bb column_link_target=\u00a0\u00bb_self\u00a0\u00bb column_position=\u00a0\u00bbdefault\u00a0\u00bb gradient_direction=\u00a0\u00bbleft_to_right\u00a0\u00bb overlay_strength=\u00a0\u00bb0.3&Prime; width=\u00a0\u00bb1\/1&Prime; tablet_width_inherit=\u00a0\u00bbdefault\u00a0\u00bb animation_type=\u00a0\u00bbdefault\u00a0\u00bb bg_image_animation=\u00a0\u00bbnone\u00a0\u00bb border_type=\u00a0\u00bbsimple\u00a0\u00bb column_border_width=\u00a0\u00bbnone\u00a0\u00bb column_border_style=\u00a0\u00bbsolid\u00a0\u00bb][vc_column_text]\n<h2>Ce que disent nos clients<\/h2>\n[\/vc_column_text][vc_raw_html]W3RydXN0aW5kZXggbm8tcmVnaXN0cmF0aW9uPSJnb29nbGUiXQ==[\/vc_raw_html][\/vc_column][\/vc_row]\n","protected":false},"excerpt":{"rendered":"<p>[vc_row type=\u00a0\u00bbin_container\u00a0\u00bb full_screen_row_position=\u00a0\u00bbmiddle\u00a0\u00bb column_margin=\u00a0\u00bbdefault\u00a0\u00bb column_direction=\u00a0\u00bbdefault\u00a0\u00bb column_direction_tablet=\u00a0\u00bbcolumn_reverse\u00a0\u00bb column_direction_phone=\u00a0\u00bbdefault\u00a0\u00bb scene_position=\u00a0\u00bbcenter\u00a0\u00bb top_padding=\u00a0\u00bb3%\u00a0\u00bb constrain_group_1=\u00a0\u00bbyes\u00a0\u00bb bottom_padding=\u00a0\u00bb3%\u00a0\u00bb text_color=\u00a0\u00bbdark\u00a0\u00bb text_align=\u00a0\u00bbleft\u00a0\u00bb row_border_radius=\u00a0\u00bbnone\u00a0\u00bb row_border_radius_applies=\u00a0\u00bbbg\u00a0\u00bb overflow=\u00a0\u00bbvisible\u00a0\u00bb overlay_strength=\u00a0\u00bb0.3&Prime; gradient_direction=\u00a0\u00bbleft_to_right\u00a0\u00bb shape_divider_position=\u00a0\u00bbbottom\u00a0\u00bb bg_image_animation=\u00a0\u00bbnone\u00a0\u00bb gradient_type=\u00a0\u00bbdefault\u00a0\u00bb shape_type=\u00a0\u00bb\u00a0\u00bb][vc_column column_padding=\u00a0\u00bbno-extra-padding\u00a0\u00bb column_padding_tablet=\u00a0\u00bbinherit\u00a0\u00bb column_padding_phone=\u00a0\u00bbinherit\u00a0\u00bb column_padding_position=\u00a0\u00bball\u00a0\u00bb column_element_direction_desktop=\u00a0\u00bbdefault\u00a0\u00bb column_element_spacing=\u00a0\u00bbdefault\u00a0\u00bb desktop_text_alignment=\u00a0\u00bbdefault\u00a0\u00bb tablet_text_alignment=\u00a0\u00bbdefault\u00a0\u00bb&#8230;<\/p>\n","protected":false},"author":1,"featured_media":1237,"parent":1438,"menu_order":0,"comment_status":"closed","ping_status":"closed","template":"","meta":{"inline_featured_image":false,"footnotes":""},"class_list":["post-1733","page","type-page","status-publish","has-post-thumbnail"],"yoast_head":"<!-- This site is optimized with the Yoast SEO plugin v27.4 - https:\/\/yoast.com\/product\/yoast-seo-wordpress\/ -->\n<title>Formation op\u00e9rateur pont roulant - pont-roulant - portique - Formaz<\/title>\n<meta name=\"description\" content=\"La formation aux ponts roulants est souvent combin\u00e9e au levage de charges. Demandez un devis pour cette formation personnalis\u00e9e.\" \/>\n<meta name=\"robots\" content=\"index, follow, max-snippet:-1, max-image-preview:large, max-video-preview:-1\" \/>\n<link rel=\"canonical\" href=\"https:\/\/formaz.be\/fr\/formations\/appareils-de-levage\/formation-conducteur-pont-roulant\/\" \/>\n<meta property=\"og:locale\" content=\"fr_FR\" \/>\n<meta property=\"og:type\" content=\"article\" \/>\n<meta property=\"og:title\" content=\"Formation op\u00e9rateur pont roulant - pont-roulant - portique - Formaz\" \/>\n<meta property=\"og:description\" content=\"La formation aux ponts roulants est souvent combin\u00e9e au levage de charges. Demandez un devis pour cette formation personnalis\u00e9e.\" \/>\n<meta property=\"og:url\" content=\"https:\/\/formaz.be\/fr\/formations\/appareils-de-levage\/formation-conducteur-pont-roulant\/\" \/>\n<meta property=\"og:site_name\" content=\"Formaz\" \/>\n<meta property=\"article:modified_time\" content=\"2024-09-02T08:21:21+00:00\" \/>\n<meta property=\"og:image\" content=\"https:\/\/formaz.be\/wp-content\/uploads\/2024\/06\/rolbrug.jpg\" \/>\n\t<meta property=\"og:image:width\" content=\"200\" \/>\n\t<meta property=\"og:image:height\" content=\"200\" \/>\n\t<meta property=\"og:image:type\" content=\"image\/jpeg\" \/>\n<meta name=\"twitter:card\" content=\"summary_large_image\" \/>\n<meta name=\"twitter:label1\" content=\"Dur\u00e9e de lecture estim\u00e9e\" \/>\n\t<meta name=\"twitter:data1\" content=\"3 minutes\" \/>\n<script type=\"application\/ld+json\" class=\"yoast-schema-graph\">{\"@context\":\"https:\\\/\\\/schema.org\",\"@graph\":[{\"@type\":\"WebPage\",\"@id\":\"https:\\\/\\\/formaz.be\\\/fr\\\/formations\\\/appareils-de-levage\\\/formation-conducteur-pont-roulant\\\/\",\"url\":\"https:\\\/\\\/formaz.be\\\/fr\\\/formations\\\/appareils-de-levage\\\/formation-conducteur-pont-roulant\\\/\",\"name\":\"Formation op\u00e9rateur pont roulant - pont-roulant - portique - Formaz\",\"isPartOf\":{\"@id\":\"https:\\\/\\\/formaz.be\\\/fr\\\/#website\"},\"primaryImageOfPage\":{\"@id\":\"https:\\\/\\\/formaz.be\\\/fr\\\/formations\\\/appareils-de-levage\\\/formation-conducteur-pont-roulant\\\/#primaryimage\"},\"image\":{\"@id\":\"https:\\\/\\\/formaz.be\\\/fr\\\/formations\\\/appareils-de-levage\\\/formation-conducteur-pont-roulant\\\/#primaryimage\"},\"thumbnailUrl\":\"https:\\\/\\\/formaz.be\\\/wp-content\\\/uploads\\\/2024\\\/06\\\/rolbrug.jpg\",\"datePublished\":\"2024-06-06T13:18:32+00:00\",\"dateModified\":\"2024-09-02T08:21:21+00:00\",\"description\":\"La formation aux ponts roulants est souvent combin\u00e9e au levage de charges. Demandez un devis pour cette formation personnalis\u00e9e.\",\"breadcrumb\":{\"@id\":\"https:\\\/\\\/formaz.be\\\/fr\\\/formations\\\/appareils-de-levage\\\/formation-conducteur-pont-roulant\\\/#breadcrumb\"},\"inLanguage\":\"fr-FR\",\"potentialAction\":[{\"@type\":\"ReadAction\",\"target\":[\"https:\\\/\\\/formaz.be\\\/fr\\\/formations\\\/appareils-de-levage\\\/formation-conducteur-pont-roulant\\\/\"]}]},{\"@type\":\"ImageObject\",\"inLanguage\":\"fr-FR\",\"@id\":\"https:\\\/\\\/formaz.be\\\/fr\\\/formations\\\/appareils-de-levage\\\/formation-conducteur-pont-roulant\\\/#primaryimage\",\"url\":\"https:\\\/\\\/formaz.be\\\/wp-content\\\/uploads\\\/2024\\\/06\\\/rolbrug.jpg\",\"contentUrl\":\"https:\\\/\\\/formaz.be\\\/wp-content\\\/uploads\\\/2024\\\/06\\\/rolbrug.jpg\",\"width\":200,\"height\":200},{\"@type\":\"BreadcrumbList\",\"@id\":\"https:\\\/\\\/formaz.be\\\/fr\\\/formations\\\/appareils-de-levage\\\/formation-conducteur-pont-roulant\\\/#breadcrumb\",\"itemListElement\":[{\"@type\":\"ListItem\",\"position\":1,\"name\":\"Home\",\"item\":\"https:\\\/\\\/formaz.be\\\/fr\\\/\"},{\"@type\":\"ListItem\",\"position\":2,\"name\":\"Formations\",\"item\":\"https:\\\/\\\/formaz.be\\\/fr\\\/formations\\\/\"},{\"@type\":\"ListItem\",\"position\":3,\"name\":\"\u00c9quipement de levage\",\"item\":\"https:\\\/\\\/formaz.be\\\/fr\\\/formations\\\/appareils-de-levage\\\/\"},{\"@type\":\"ListItem\",\"position\":4,\"name\":\"Formation op\u00e9rateur pont roulant &#8211; pont-roulant &#8211; portique\"}]},{\"@type\":\"WebSite\",\"@id\":\"https:\\\/\\\/formaz.be\\\/fr\\\/#website\",\"url\":\"https:\\\/\\\/formaz.be\\\/fr\\\/\",\"name\":\"Formaz\",\"description\":\"Specialist in opleidingen logistiek, transport en veiligheid\",\"publisher\":{\"@id\":\"https:\\\/\\\/formaz.be\\\/fr\\\/#organization\"},\"potentialAction\":[{\"@type\":\"SearchAction\",\"target\":{\"@type\":\"EntryPoint\",\"urlTemplate\":\"https:\\\/\\\/formaz.be\\\/fr\\\/?s={search_term_string}\"},\"query-input\":{\"@type\":\"PropertyValueSpecification\",\"valueRequired\":true,\"valueName\":\"search_term_string\"}}],\"inLanguage\":\"fr-FR\"},{\"@type\":\"Organization\",\"@id\":\"https:\\\/\\\/formaz.be\\\/fr\\\/#organization\",\"name\":\"Formaz\",\"url\":\"https:\\\/\\\/formaz.be\\\/fr\\\/\",\"logo\":{\"@type\":\"ImageObject\",\"inLanguage\":\"fr-FR\",\"@id\":\"https:\\\/\\\/formaz.be\\\/fr\\\/#\\\/schema\\\/logo\\\/image\\\/\",\"url\":\"https:\\\/\\\/formaz.be\\\/wp-content\\\/uploads\\\/2024\\\/05\\\/Formaz-01-1@2x-e1715592103704.png\",\"contentUrl\":\"https:\\\/\\\/formaz.be\\\/wp-content\\\/uploads\\\/2024\\\/05\\\/Formaz-01-1@2x-e1715592103704.png\",\"width\":534,\"height\":144,\"caption\":\"Formaz\"},\"image\":{\"@id\":\"https:\\\/\\\/formaz.be\\\/fr\\\/#\\\/schema\\\/logo\\\/image\\\/\"}}]}<\/script>\n<!-- \/ Yoast SEO plugin. -->","yoast_head_json":{"title":"Formation op\u00e9rateur pont roulant - pont-roulant - portique - Formaz","description":"La formation aux ponts roulants est souvent combin\u00e9e au levage de charges. Demandez un devis pour cette formation personnalis\u00e9e.","robots":{"index":"index","follow":"follow","max-snippet":"max-snippet:-1","max-image-preview":"max-image-preview:large","max-video-preview":"max-video-preview:-1"},"canonical":"https:\/\/formaz.be\/fr\/formations\/appareils-de-levage\/formation-conducteur-pont-roulant\/","og_locale":"fr_FR","og_type":"article","og_title":"Formation op\u00e9rateur pont roulant - pont-roulant - portique - Formaz","og_description":"La formation aux ponts roulants est souvent combin\u00e9e au levage de charges. Demandez un devis pour cette formation personnalis\u00e9e.","og_url":"https:\/\/formaz.be\/fr\/formations\/appareils-de-levage\/formation-conducteur-pont-roulant\/","og_site_name":"Formaz","article_modified_time":"2024-09-02T08:21:21+00:00","og_image":[{"width":200,"height":200,"url":"https:\/\/formaz.be\/wp-content\/uploads\/2024\/06\/rolbrug.jpg","type":"image\/jpeg"}],"twitter_card":"summary_large_image","twitter_misc":{"Dur\u00e9e de lecture estim\u00e9e":"3 minutes"},"schema":{"@context":"https:\/\/schema.org","@graph":[{"@type":"WebPage","@id":"https:\/\/formaz.be\/fr\/formations\/appareils-de-levage\/formation-conducteur-pont-roulant\/","url":"https:\/\/formaz.be\/fr\/formations\/appareils-de-levage\/formation-conducteur-pont-roulant\/","name":"Formation op\u00e9rateur pont roulant - pont-roulant - portique - Formaz","isPartOf":{"@id":"https:\/\/formaz.be\/fr\/#website"},"primaryImageOfPage":{"@id":"https:\/\/formaz.be\/fr\/formations\/appareils-de-levage\/formation-conducteur-pont-roulant\/#primaryimage"},"image":{"@id":"https:\/\/formaz.be\/fr\/formations\/appareils-de-levage\/formation-conducteur-pont-roulant\/#primaryimage"},"thumbnailUrl":"https:\/\/formaz.be\/wp-content\/uploads\/2024\/06\/rolbrug.jpg","datePublished":"2024-06-06T13:18:32+00:00","dateModified":"2024-09-02T08:21:21+00:00","description":"La formation aux ponts roulants est souvent combin\u00e9e au levage de charges. Demandez un devis pour cette formation personnalis\u00e9e.","breadcrumb":{"@id":"https:\/\/formaz.be\/fr\/formations\/appareils-de-levage\/formation-conducteur-pont-roulant\/#breadcrumb"},"inLanguage":"fr-FR","potentialAction":[{"@type":"ReadAction","target":["https:\/\/formaz.be\/fr\/formations\/appareils-de-levage\/formation-conducteur-pont-roulant\/"]}]},{"@type":"ImageObject","inLanguage":"fr-FR","@id":"https:\/\/formaz.be\/fr\/formations\/appareils-de-levage\/formation-conducteur-pont-roulant\/#primaryimage","url":"https:\/\/formaz.be\/wp-content\/uploads\/2024\/06\/rolbrug.jpg","contentUrl":"https:\/\/formaz.be\/wp-content\/uploads\/2024\/06\/rolbrug.jpg","width":200,"height":200},{"@type":"BreadcrumbList","@id":"https:\/\/formaz.be\/fr\/formations\/appareils-de-levage\/formation-conducteur-pont-roulant\/#breadcrumb","itemListElement":[{"@type":"ListItem","position":1,"name":"Home","item":"https:\/\/formaz.be\/fr\/"},{"@type":"ListItem","position":2,"name":"Formations","item":"https:\/\/formaz.be\/fr\/formations\/"},{"@type":"ListItem","position":3,"name":"\u00c9quipement de levage","item":"https:\/\/formaz.be\/fr\/formations\/appareils-de-levage\/"},{"@type":"ListItem","position":4,"name":"Formation op\u00e9rateur pont roulant &#8211; pont-roulant &#8211; portique"}]},{"@type":"WebSite","@id":"https:\/\/formaz.be\/fr\/#website","url":"https:\/\/formaz.be\/fr\/","name":"Formaz","description":"Specialist in opleidingen logistiek, transport en veiligheid","publisher":{"@id":"https:\/\/formaz.be\/fr\/#organization"},"potentialAction":[{"@type":"SearchAction","target":{"@type":"EntryPoint","urlTemplate":"https:\/\/formaz.be\/fr\/?s={search_term_string}"},"query-input":{"@type":"PropertyValueSpecification","valueRequired":true,"valueName":"search_term_string"}}],"inLanguage":"fr-FR"},{"@type":"Organization","@id":"https:\/\/formaz.be\/fr\/#organization","name":"Formaz","url":"https:\/\/formaz.be\/fr\/","logo":{"@type":"ImageObject","inLanguage":"fr-FR","@id":"https:\/\/formaz.be\/fr\/#\/schema\/logo\/image\/","url":"https:\/\/formaz.be\/wp-content\/uploads\/2024\/05\/Formaz-01-1@2x-e1715592103704.png","contentUrl":"https:\/\/formaz.be\/wp-content\/uploads\/2024\/05\/Formaz-01-1@2x-e1715592103704.png","width":534,"height":144,"caption":"Formaz"},"image":{"@id":"https:\/\/formaz.be\/fr\/#\/schema\/logo\/image\/"}}]}},"_links":{"self":[{"href":"https:\/\/formaz.be\/fr\/wp-json\/wp\/v2\/pages\/1733","targetHints":{"allow":["GET"]}}],"collection":[{"href":"https:\/\/formaz.be\/fr\/wp-json\/wp\/v2\/pages"}],"about":[{"href":"https:\/\/formaz.be\/fr\/wp-json\/wp\/v2\/types\/page"}],"author":[{"embeddable":true,"href":"https:\/\/formaz.be\/fr\/wp-json\/wp\/v2\/users\/1"}],"replies":[{"embeddable":true,"href":"https:\/\/formaz.be\/fr\/wp-json\/wp\/v2\/comments?post=1733"}],"version-history":[{"count":27,"href":"https:\/\/formaz.be\/fr\/wp-json\/wp\/v2\/pages\/1733\/revisions"}],"predecessor-version":[{"id":3690,"href":"https:\/\/formaz.be\/fr\/wp-json\/wp\/v2\/pages\/1733\/revisions\/3690"}],"up":[{"embeddable":true,"href":"https:\/\/formaz.be\/fr\/wp-json\/wp\/v2\/pages\/1438"}],"wp:featuredmedia":[{"embeddable":true,"href":"https:\/\/formaz.be\/fr\/wp-json\/wp\/v2\/media\/1237"}],"wp:attachment":[{"href":"https:\/\/formaz.be\/fr\/wp-json\/wp\/v2\/media?parent=1733"}],"curies":[{"name":"wp","href":"https:\/\/api.w.org\/{rel}","templated":true}]}}